{"id":65,"date":"2023-05-04T23:15:25","date_gmt":"2023-05-04T21:15:25","guid":{"rendered":"https:\/\/martinesentein.com\/?page_id=65"},"modified":"2025-11-25T12:33:01","modified_gmt":"2025-11-25T11:33:01","slug":"peintures","status":"publish","type":"page","link":"https:\/\/martinesentein.com\/index.php\/peintures\/","title":{"rendered":"Peintures"},"content":{"rendered":"\n<div class=\"wp-block-columns is-layout-flex wp-container-core-columns-is-layout-9d6595d7 wp-block-columns-is-layout-flex\">\n<div class=\"wp-block-column is-layout-flow wp-block-column-is-layout-flow\" style=\"flex-basis:25%\"><\/div>\n\n\n\n<div class=\"wp-block-column is-layout-flow wp-block-column-is-layout-flow\" style=\"flex-basis:50%\">\n<p>L\u2019\u0153uvre de MS est pr\u00e9sent\u00e9e ici \u00e0 travers les diff\u00e9rents th\u00e8mes qui l\u2019inspirent, et qui ont en commun sa recherche d\u2019une atmosph\u00e8re par les effets de la lumi\u00e8re et de la couleur sur son sujet, et alliant le plus souvent figuratif et abstraction par l\u2019\u00e9criture picturale et les techniques employ\u00e9es.<\/p>\n<\/div>\n\n\n\n<div class=\"wp-block-column is-layout-flow wp-block-column-is-layout-flow\" style=\"flex-basis:25%\"><\/div>\n<\/div>\n\n\n\n<div style=\"height:40px\" aria-hidden=\"true\" class=\"wp-block-spacer\"><\/div>\n\n\n\n<div class=\"wp-block-columns is-layout-flex wp-container-core-columns-is-layout-9d6595d7 wp-block-columns-is-layout-flex\">\n<div class=\"wp-block-column is-layout-flow wp-block-column-is-layout-flow\">\n<figure class=\"wp-block-image size-medium\"><a href=\"https:\/\/martinesentein.com\/index.php\/paysages\/\"><img loading=\"lazy\" decoding=\"async\" width=\"600\" height=\"600\" src=\"https:\/\/martinesentein.com\/wp-content\/uploads\/2023\/05\/martine-sentein-paysages-600x600.jpg\" alt=\"\" class=\"wp-image-66\" srcset=\"https:\/\/martinesentein.com\/wp-content\/uploads\/2023\/05\/martine-sentein-paysages-600x600.jpg 600w, https:\/\/martinesentein.com\/wp-content\/uploads\/2023\/05\/martine-sentein-paysages-300x300.jpg 300w, https:\/\/martinesentein.com\/wp-content\/uploads\/2023\/05\/martine-sentein-paysages-768x768.jpg 768w, https:\/\/martinesentein.com\/wp-content\/uploads\/2023\/05\/martine-sentein-paysages.jpg 1000w\" sizes=\"auto, (max-width: 600px) 100vw, 600px\" \/><\/a><\/figure>\n\n\n\n<p class=\"has-text-align-center\">PAYSAGES<\/p>\n<\/div>\n\n\n\n<div class=\"wp-block-column is-layout-flow wp-block-column-is-layout-flow\">\n<figure class=\"wp-block-image size-medium\"><a href=\"https:\/\/martinesentein.com\/index.php\/fleurs\/\"><img loading=\"lazy\" decoding=\"async\" width=\"600\" height=\"597\" src=\"https:\/\/martinesentein.com\/wp-content\/uploads\/2025\/11\/FLEURS_Bouquet-printanier-acrylique-sur-toile-60x60-cm-600x597.jpg\" alt=\"\" class=\"wp-image-827\" srcset=\"https:\/\/martinesentein.com\/wp-content\/uploads\/2025\/11\/FLEURS_Bouquet-printanier-acrylique-sur-toile-60x60-cm-600x597.jpg 600w, https:\/\/martinesentein.com\/wp-content\/uploads\/2025\/11\/FLEURS_Bouquet-printanier-acrylique-sur-toile-60x60-cm-1200x1194.jpg 1200w, https:\/\/martinesentein.com\/wp-content\/uploads\/2025\/11\/FLEURS_Bouquet-printanier-acrylique-sur-toile-60x60-cm-300x300.jpg 300w, https:\/\/martinesentein.com\/wp-content\/uploads\/2025\/11\/FLEURS_Bouquet-printanier-acrylique-sur-toile-60x60-cm-768x764.jpg 768w, https:\/\/martinesentein.com\/wp-content\/uploads\/2025\/11\/FLEURS_Bouquet-printanier-acrylique-sur-toile-60x60-cm.jpg 1500w\" sizes=\"auto, (max-width: 600px) 100vw, 600px\" \/><\/a><\/figure>\n\n\n\n<p class=\"has-text-align-center\">FLEURS<\/p>\n<\/div>\n\n\n\n<div class=\"wp-block-column is-layout-flow wp-block-column-is-layout-flow\">\n<figure class=\"wp-block-image size-medium\"><a href=\"https:\/\/martinesentein.com\/index.php\/abstraits\/\"><img loading=\"lazy\" decoding=\"async\" width=\"600\" height=\"600\" src=\"https:\/\/martinesentein.com\/wp-content\/uploads\/2023\/05\/martine-sentein-abstraits-600x600.jpg\" alt=\"\" class=\"wp-image-107\" srcset=\"https:\/\/martinesentein.com\/wp-content\/uploads\/2023\/05\/martine-sentein-abstraits-600x600.jpg 600w, https:\/\/martinesentein.com\/wp-content\/uploads\/2023\/05\/martine-sentein-abstraits-300x300.jpg 300w, https:\/\/martinesentein.com\/wp-content\/uploads\/2023\/05\/martine-sentein-abstraits-768x768.jpg 768w, https:\/\/martinesentein.com\/wp-content\/uploads\/2023\/05\/martine-sentein-abstraits.jpg 1000w\" sizes=\"auto, (max-width: 600px) 100vw, 600px\" \/><\/a><\/figure>\n\n\n\n<p class=\"has-text-align-center\">ABSTRAITS<\/p>\n<\/div>\n<\/div>\n","protected":false},"excerpt":{"rendered":"<p>L\u2019\u0153uvre de MS est pr\u00e9sent\u00e9e ici \u00e0 travers les diff\u00e9rents th\u00e8mes qui l\u2019inspirent, et qui ont en commun sa recherche d\u2019une atmosph\u00e8re par les effets de la lumi\u00e8re et de la couleur sur son sujet, et alliant le plus souvent figuratif et abstraction par l\u2019\u00e9criture picturale et les techniques employ\u00e9es. PAYSAGES FLEURS ABSTRAITS<\/p>\n","protected":false},"author":1,"featured_media":0,"parent":0,"menu_order":0,"comment_status":"closed","ping_status":"closed","template":"","meta":{"_themeisle_gutenberg_block_has_review":false,"footnotes":""},"class_list":["post-65","page","type-page","status-publish","hentry","entry"],"_links":{"self":[{"href":"https:\/\/martinesentein.com\/index.php\/wp-json\/wp\/v2\/pages\/65","targetHints":{"allow":["GET"]}}],"collection":[{"href":"https:\/\/martinesentein.com\/index.php\/wp-json\/wp\/v2\/pages"}],"about":[{"href":"https:\/\/martinesentein.com\/index.php\/wp-json\/wp\/v2\/types\/page"}],"author":[{"embeddable":true,"href":"https:\/\/martinesentein.com\/index.php\/wp-json\/wp\/v2\/users\/1"}],"replies":[{"embeddable":true,"href":"https:\/\/martinesentein.com\/index.php\/wp-json\/wp\/v2\/comments?post=65"}],"version-history":[{"count":14,"href":"https:\/\/martinesentein.com\/index.php\/wp-json\/wp\/v2\/pages\/65\/revisions"}],"predecessor-version":[{"id":913,"href":"https:\/\/martinesentein.com\/index.php\/wp-json\/wp\/v2\/pages\/65\/revisions\/913"}],"wp:attachment":[{"href":"https:\/\/martinesentein.com\/index.php\/wp-json\/wp\/v2\/media?parent=65"}],"curies":[{"name":"wp","href":"https:\/\/api.w.org\/{rel}","templated":true}]}}