{"id":35,"date":"2023-05-04T22:00:34","date_gmt":"2023-05-04T20:00:34","guid":{"rendered":"https:\/\/martinesentein.com\/?page_id=35"},"modified":"2025-12-01T10:11:10","modified_gmt":"2025-12-01T09:11:10","slug":"a-propos","status":"publish","type":"page","link":"https:\/\/martinesentein.com\/index.php\/a-propos\/","title":{"rendered":"\u00c0 propos"},"content":{"rendered":"\n<h2 class=\"wp-block-heading\">BIOGRAPHIE<\/h2>\n\n\n\n<div class=\"wp-block-columns is-layout-flex wp-container-core-columns-is-layout-9d6595d7 wp-block-columns-is-layout-flex\">\n<div class=\"wp-block-column is-layout-flow wp-block-column-is-layout-flow\">\n<p><strong>Martine SENTEIN<\/strong> est une peintre fran\u00e7aise, elle vit et travaille&nbsp;\u00e0 Grabels, tout pr\u00e8s de Montpellier,&nbsp;dans le Sud de la France.<br>Martine explore dans ses peintures l\u2019univers de la couleur et de la lumi\u00e8re au travers de ses th\u00e8mes de pr\u00e9dilection&nbsp;: les paysages, les fleurs, les abstraits.<\/p>\n\n\n\n<p>\u00ab&nbsp;Qu\u2019elles soient trait\u00e9es de fa\u00e7on r\u00e9aliste ou abstraite, mes peintures refl\u00e8tent l\u2019\u00e9motion ressentie devant les beaut\u00e9s de la nature et de tout ce qui nous entoure. J\u2019essaie de capturer les qualit\u00e9s changeantes de la lumi\u00e8re, ombres ou clart\u00e9s, couleurs intenses ou tout en nuances, ambiance dynamique ou sereine.&nbsp;\u00bb<\/p>\n\n\n\n<p>Peintre autodidacte, sa peinture fait partie de sa vie depuis de nombreuses ann\u00e9es. Pour approfondir sa technique, elle a suivi plusieurs ateliers&nbsp;: moderne, portrait, peinture chinoise, aquarelle\u2026<br>Sur toile, elle utilise l\u2019acrylique qui s\u00e8che rapidement, et correspond \u00e0 sa fa\u00e7on de peindre, toujours dans l&rsquo;\u00e9motion de l&rsquo;instant, et plus r\u00e9cemment l\u2019huile pour le rendu fid\u00e8le des couleurs.<br>Sur papier, elle aime exp\u00e9rimenter tous les autres m\u00e9diums&nbsp;: encres, aquarelle, gouache, collage\u2026<\/p>\n\n\n\n<p>Ses \u0153uvres sont dans des collections priv\u00e9es, notamment en France, aux \u00c9tats Unis et en Allemagne.&nbsp;<\/p>\n<\/div>\n\n\n\n<div class=\"wp-block-column is-layout-flow wp-block-column-is-layout-flow\">\n<figure class=\"wp-block-image size-full is-style-rounded\"><img loading=\"lazy\" decoding=\"async\" width=\"1000\" height=\"968\" src=\"https:\/\/martinesentein.com\/wp-content\/uploads\/2023\/05\/martine-sentein-portrait.jpg\" alt=\"\" class=\"wp-image-12\" srcset=\"https:\/\/martinesentein.com\/wp-content\/uploads\/2023\/05\/martine-sentein-portrait.jpg 1000w, https:\/\/martinesentein.com\/wp-content\/uploads\/2023\/05\/martine-sentein-portrait-300x290.jpg 300w, https:\/\/martinesentein.com\/wp-content\/uploads\/2023\/05\/martine-sentein-portrait-768x743.jpg 768w\" sizes=\"auto, (max-width: 1000px) 100vw, 1000px\" \/><\/figure>\n<\/div>\n<\/div>\n\n\n\n<div style=\"height:100px\" aria-hidden=\"true\" class=\"wp-block-spacer\"><\/div>\n\n\n\n<hr class=\"wp-block-separator has-alpha-channel-opacity\"\/>\n\n\n\n<div style=\"height:100px\" aria-hidden=\"true\" class=\"wp-block-spacer\"><\/div>\n\n\n\n<h2 class=\"wp-block-heading\">LES MOTS POUR LE DIRE<\/h2>\n\n\n\n<div class=\"wp-block-columns is-layout-flex wp-container-core-columns-is-layout-9d6595d7 wp-block-columns-is-layout-flex\">\n<div class=\"wp-block-column is-layout-flow wp-block-column-is-layout-flow\">\n<figure class=\"wp-block-image size-full\"><a href=\"https:\/\/martinesentein.com\/wp-content\/uploads\/2023\/05\/martine-sentein-les-mots-pour-le-dire-genese-5.jpg\" data-rel=\"lightbox-gallery-oDMb7JG6\" data-magnific_type=\"image\" data-rl_title=\"\" data-rl_caption=\"\" title=\"\"><img loading=\"lazy\" decoding=\"async\" width=\"910\" height=\"1200\" src=\"https:\/\/martinesentein.com\/wp-content\/uploads\/2023\/05\/martine-sentein-les-mots-pour-le-dire-genese-5.jpg\" alt=\"\" class=\"wp-image-37\" srcset=\"https:\/\/martinesentein.com\/wp-content\/uploads\/2023\/05\/martine-sentein-les-mots-pour-le-dire-genese-5.jpg 910w, https:\/\/martinesentein.com\/wp-content\/uploads\/2023\/05\/martine-sentein-les-mots-pour-le-dire-genese-5-455x600.jpg 455w, https:\/\/martinesentein.com\/wp-content\/uploads\/2023\/05\/martine-sentein-les-mots-pour-le-dire-genese-5-768x1013.jpg 768w\" sizes=\"auto, (max-width: 910px) 100vw, 910px\" \/><\/a><\/figure>\n<\/div>\n\n\n\n<div class=\"wp-block-column is-layout-flow wp-block-column-is-layout-flow\">\n<p>Artiste peintre, plasticienne, Martine Sentein s\u2019inscrit d\u2019embl\u00e9e dans la filiation du geste et la projection des couleurs sur la toile. Figuration abstractive, \u00e9vocatrice, chacune de ses \u0153uvres est une aventure nouvelle qui sait faire \u00e9clater, en son endroit, une v\u00e9ritable explosion d\u2019\u00e9motions et de sentiments lumineux riches de vibrations. Libre de toutes contingences, l\u2019artiste aux multiples destinations arpente des mondes pluriels pour s\u2019\u00e9vader vers des ailleurs po\u00e9tiques en expansion\u2026<\/p>\n\n\n\n<p>\u2026 Oracle des couleurs en mouvement et devenir, ses touches de noir sont des nuits min\u00e9rales qui aspirent \u00e0 l\u2019\u00e9mergence ; elles nous annoncent l\u2019aube des commencements, la source vitale o\u00f9 la vie se d\u00e9salt\u00e8re et s\u2019enfante d\u2019elle-m\u00eame. Ses bleus : bleu nuit des secr\u00e8tes fantasmagories, bleu outremer des grandes travers\u00e9es, bleu ciel des ultimes esp\u00e9rances ou bleu magn\u00e9tique, salvateur, ses bleus sont ceux des probables, ceux des perspectives qui s\u2019ouvrent, des rencontres inattendues, des retrouvailles inesp\u00e9r\u00e9es, des d\u00e9couvertes essentielles\u2026<\/p>\n\n\n\n<p>N\u00e9buleuses mirifiques, paysages entrevus \u00e0 la lisi\u00e8re des mondes en formation, parcourue d\u2019\u00e9nergie telluriques, la peinture de Martine Sentein, impr\u00e9gn\u00e9e du silence des cath\u00e9drales, se contemple et s\u2019\u00e9coute, religieusement, comme de grands airs d\u2019op\u00e9ras\u2026<\/p>\n\n\n\n<p><em>Philippe LEMOINE \u2013 Centre d\u2019Art Contemporain de Gruissan<\/em><\/p>\n<\/div>\n<\/div>\n\n\n\n<div style=\"height:50px\" aria-hidden=\"true\" class=\"wp-block-spacer\"><\/div>\n\n\n\n<div class=\"wp-block-columns is-layout-flex wp-container-core-columns-is-layout-9d6595d7 wp-block-columns-is-layout-flex\">\n<div class=\"wp-block-column is-layout-flow wp-block-column-is-layout-flow\">\n<p> \u00ab&nbsp;Je voulais vous faire savoir \u00e0 quel point nous avons appr\u00e9ci\u00e9 votre peinture \u2026 Nous voulons cr\u00e9er un environnement qui nous aide \u00e0 survivre aux longs et mornes hivers du nord-ouest du Pacifique.&nbsp;Lumi\u00e8re d&rsquo;orage a \u00e9t\u00e9 l&rsquo;ajout parfait, ajoutant de la profondeur, de la beaut\u00e9 et du myst\u00e8re \u00e0 l&rsquo;espace de vie principal de notre maison.&nbsp;\u00bb<br><em>K.C. Collectionneur US<\/em><\/p>\n<\/div>\n\n\n\n<div class=\"wp-block-column is-layout-flow wp-block-column-is-layout-flow\">\n<figure class=\"wp-block-image size-full\"><a href=\"https:\/\/martinesentein.com\/wp-content\/uploads\/2023\/05\/martine-sentein-les-mots-pour-le-dire-lumiere-dorage.jpg\" data-rel=\"lightbox-gallery-oDMb7JG6\" data-magnific_type=\"image\" data-rl_title=\"\" data-rl_caption=\"\" title=\"\"><img loading=\"lazy\" decoding=\"async\" width=\"1200\" height=\"714\" src=\"https:\/\/martinesentein.com\/wp-content\/uploads\/2023\/05\/martine-sentein-les-mots-pour-le-dire-lumiere-dorage.jpg\" alt=\"\" class=\"wp-image-38\" srcset=\"https:\/\/martinesentein.com\/wp-content\/uploads\/2023\/05\/martine-sentein-les-mots-pour-le-dire-lumiere-dorage.jpg 1200w, https:\/\/martinesentein.com\/wp-content\/uploads\/2023\/05\/martine-sentein-les-mots-pour-le-dire-lumiere-dorage-600x357.jpg 600w, https:\/\/martinesentein.com\/wp-content\/uploads\/2023\/05\/martine-sentein-les-mots-pour-le-dire-lumiere-dorage-768x457.jpg 768w\" sizes=\"auto, (max-width: 1200px) 100vw, 1200px\" \/><\/a><\/figure>\n<\/div>\n<\/div>\n\n\n\n<div style=\"height:100px\" aria-hidden=\"true\" class=\"wp-block-spacer\"><\/div>\n\n\n\n<hr class=\"wp-block-separator has-alpha-channel-opacity\"\/>\n\n\n\n<div style=\"height:100px\" aria-hidden=\"true\" class=\"wp-block-spacer\"><\/div>\n\n\n\n<h2 class=\"wp-block-heading\">EXPOSITIONS<\/h2>\n\n\n\n<p>J\u2019expose, depuis 2008, dans des galeries, des espaces d\u2019art, des salons, des galeries en ligne<strong>.<\/strong><\/p>\n\n\n\n<p>SALON LES PORTES DE L&rsquo;ART \u2013 Montferrier-sur-Lez \u2013 2025<br>Paysages sur toile<\/p>\n\n\n\n<p>14\u00b0 SALON ARTISTIQUE MONTARNEEN \u2013 Montarnaud \u2013 2025<\/p>\n\n\n\n<p>SALON LES PORTES DE L&rsquo;ART \u2013 Montferrier-sur-Lez \u2013 2024<br>Paysages sur toile<\/p>\n\n\n<div class=\"wp-block-image\">\n<figure class=\"alignleft size-full is-resized\"><a href=\"https:\/\/www.balthasart.com\/fr\/artiste\/martine-sentein\" target=\"_blank\" rel=\"noreferrer noopener\"><img loading=\"lazy\" decoding=\"async\" width=\"512\" height=\"98\" src=\"https:\/\/martinesentein.com\/wp-content\/uploads\/2023\/05\/logo-balthasart.png\" alt=\"\" class=\"wp-image-200\" style=\"width:128px;height:25px\"\/><\/a><\/figure>\n<\/div>\n\n\n<p><br><br>Galerie en ligne \u2013  2022-2023<\/p>\n\n\n\n<p>COLOR\u2019I &#8211; Saint-Cl\u00e9ment-de-Rivi\u00e8re &#8211; 2019<br>Peintures et collages sur papier<\/p>\n\n\n\n<p>SALON PYRAMYD\u2019 ARTS \u2013 La Grande Motte \u2013 2019<br>Paysages et collages sur toile<\/p>\n\n\n\n<p>Salon de Peintures et Scultures \u2013 Pignan \u2013 2019<\/p>\n\n\n<div class=\"wp-block-image\">\n<figure class=\"alignleft size-full is-resized\"><a href=\"https:\/\/www.artmajeur.com\/martine-sentein\" target=\"_blank\" rel=\"noreferrer noopener\"><img loading=\"lazy\" decoding=\"async\" width=\"453\" height=\"111\" src=\"https:\/\/martinesentein.com\/wp-content\/uploads\/2023\/05\/logo-art-majeur.png\" alt=\"\" class=\"wp-image-201\" style=\"width:113px;height:28px\"\/><\/a><\/figure>\n<\/div>\n\n\n<p><br><br><a href=\"https:\/\/www.artmajeur.com\/martine-sentein\" target=\"_blank\" rel=\"noreferrer noopener\">Artmajeur.com<\/a> &#8211; Galerie en ligne \u2013 en permanence depuis 2018<\/p>\n\n\n<div class=\"wp-block-image\">\n<figure class=\"alignleft size-full is-resized\"><a href=\"https:\/\/www.saatchiart.com\/martinesentein\" target=\"_blank\" rel=\"noreferrer noopener\"><img loading=\"lazy\" decoding=\"async\" width=\"580\" height=\"87\" src=\"https:\/\/martinesentein.com\/wp-content\/uploads\/2023\/05\/logo-saatchi-art.png\" alt=\"\" class=\"wp-image-199\" style=\"width:145px;height:22px\"\/><\/a><\/figure>\n<\/div>\n\n\n<p><br><br><a href=\"https:\/\/www.saatchiart.com\/martinesentein\" target=\"_blank\" rel=\"noreferrer noopener\">Saatchiart.com<\/a> &#8211; Galerie en ligne \u2013 en permanence depuis 2018<\/p>\n\n\n\n<p>EPIDAURE ICM \u2013 Montpellier \u2013 2018<br>Fleurs sur toile<\/p>\n\n\n\n<p>SALON D\u2019ART CONTEMPORAIN ARTEYRAN \u2013 Teyran \u2013 2017<br>Paysages abstraits sur toile<\/p>\n\n\n\n<p>CENTRE D\u2019ART CONTEMPORAIN \u2013 Gruissan \u2013 2017<br>Abstraits sur toile<\/p>\n\n\n\n<p>HOTEL DE VILLE \u2013 Juvignac \u2013 2016<br>Abstraction lyrique sur toile et papier<\/p>\n\n\n\n<p><\/p>\n","protected":false},"excerpt":{"rendered":"<p>BIOGRAPHIE Martine SENTEIN est une peintre fran\u00e7aise, elle vit et travaille&nbsp;\u00e0 Grabels, tout pr\u00e8s de Montpellier,&nbsp;dans le Sud de la France.Martine explore dans ses peintures l\u2019univers de la couleur et de la lumi\u00e8re au travers de ses th\u00e8mes de pr\u00e9dilection&nbsp;: les paysages, les fleurs, les abstraits. \u00ab&nbsp;Qu\u2019elles soient trait\u00e9es de fa\u00e7on r\u00e9aliste ou abstraite, mes&hellip; <a class=\"more-link\" href=\"https:\/\/martinesentein.com\/index.php\/a-propos\/\">Poursuivre la lecture <span class=\"screen-reader-text\">\u00c0 propos<\/span><\/a><\/p>\n","protected":false},"author":1,"featured_media":0,"parent":0,"menu_order":0,"comment_status":"closed","ping_status":"closed","template":"","meta":{"_themeisle_gutenberg_block_has_review":false,"footnotes":""},"class_list":["post-35","page","type-page","status-publish","hentry","entry"],"_links":{"self":[{"href":"https:\/\/martinesentein.com\/index.php\/wp-json\/wp\/v2\/pages\/35","targetHints":{"allow":["GET"]}}],"collection":[{"href":"https:\/\/martinesentein.com\/index.php\/wp-json\/wp\/v2\/pages"}],"about":[{"href":"https:\/\/martinesentein.com\/index.php\/wp-json\/wp\/v2\/types\/page"}],"author":[{"embeddable":true,"href":"https:\/\/martinesentein.com\/index.php\/wp-json\/wp\/v2\/users\/1"}],"replies":[{"embeddable":true,"href":"https:\/\/martinesentein.com\/index.php\/wp-json\/wp\/v2\/comments?post=35"}],"version-history":[{"count":25,"href":"https:\/\/martinesentein.com\/index.php\/wp-json\/wp\/v2\/pages\/35\/revisions"}],"predecessor-version":[{"id":965,"href":"https:\/\/martinesentein.com\/index.php\/wp-json\/wp\/v2\/pages\/35\/revisions\/965"}],"wp:attachment":[{"href":"https:\/\/martinesentein.com\/index.php\/wp-json\/wp\/v2\/media?parent=35"}],"curies":[{"name":"wp","href":"https:\/\/api.w.org\/{rel}","templated":true}]}}