{"id":25,"date":"2023-05-04T21:24:00","date_gmt":"2023-05-04T19:24:00","guid":{"rendered":"https:\/\/martinesentein.com\/?page_id=25"},"modified":"2025-11-25T12:45:25","modified_gmt":"2025-11-25T11:45:25","slug":"accueil","status":"publish","type":"page","link":"https:\/\/martinesentein.com\/","title":{"rendered":"Accueil"},"content":{"rendered":"\n<div class=\"wp-block-cover alignfull is-light has-parallax\" style=\"min-height:800px;aspect-ratio:unset;\"><div class=\"wp-block-cover__image-background wp-image-101 has-parallax\" style=\"background-position:50% 50%;background-image:url(https:\/\/martinesentein.com\/wp-content\/uploads\/2023\/05\/martine-sentein-artiste-peintre.jpg)\"><\/div><span aria-hidden=\"true\" class=\"wp-block-cover__background has-background-dim-20 has-background-dim\"><\/span><div class=\"wp-block-cover__inner-container is-layout-flow wp-block-cover-is-layout-flow\">\n<h2 class=\"wp-block-heading alignwide has-white-color has-text-color\" style=\"font-size:64px\">Martine Sentein<\/h2>\n\n\n\n<h3 class=\"wp-block-heading\">Artiste peintre<\/h3>\n\n\n\n<div class=\"wp-block-columns alignwide are-vertically-aligned-center is-layout-flex wp-container-core-columns-is-layout-9d6595d7 wp-block-columns-is-layout-flex\">\n<div class=\"wp-block-column is-vertically-aligned-center is-layout-flow wp-block-column-is-layout-flow\" style=\"flex-basis:55%\">\n<p class=\"has-white-color has-text-color\" style=\"font-size:25px;line-height:1.4\"><em><em>Martine Sentein explore dans ses peintures l\u2019univers de la couleur et de la lumi\u00e8re au travers de ses diff\u00e9rents th\u00e8mes de pr\u00e9dilection&nbsp;: les paysages, les fleurs, les abstraits<\/em><\/em><\/p>\n<\/div>\n<\/div>\n<\/div><\/div>\n\n\n\n<div style=\"height:100px\" aria-hidden=\"true\" class=\"wp-block-spacer\"><\/div>\n\n\n\n<div class=\"wp-block-columns is-layout-flex wp-container-core-columns-is-layout-9d6595d7 wp-block-columns-is-layout-flex\">\n<div class=\"wp-block-column is-layout-flow wp-block-column-is-layout-flow\">\n<figure class=\"wp-block-image size-medium\"><a href=\"https:\/\/martinesentein.com\/index.php\/peintures\/\"><img loading=\"lazy\" decoding=\"async\" width=\"600\" height=\"440\" src=\"https:\/\/martinesentein.com\/wp-content\/uploads\/2025\/11\/martine-sentein-peinture-2025-600x440.jpg\" alt=\"\" class=\"wp-image-918\" srcset=\"https:\/\/martinesentein.com\/wp-content\/uploads\/2025\/11\/martine-sentein-peinture-2025-600x440.jpg 600w, https:\/\/martinesentein.com\/wp-content\/uploads\/2025\/11\/martine-sentein-peinture-2025-768x563.jpg 768w, https:\/\/martinesentein.com\/wp-content\/uploads\/2025\/11\/martine-sentein-peinture-2025.jpg 1200w\" sizes=\"auto, (max-width: 600px) 100vw, 600px\" \/><\/a><\/figure>\n\n\n\n<h2 class=\"wp-block-heading\">PEINTURES<\/h2>\n\n\n\n<p>D\u00e9couvrir les collections<\/p>\n<\/div>\n\n\n\n<div class=\"wp-block-column is-layout-flow wp-block-column-is-layout-flow\">\n<figure class=\"wp-block-image size-medium\"><a href=\"https:\/\/martinesentein.com\/index.php\/a-propos\/\"><img loading=\"lazy\" decoding=\"async\" width=\"600\" height=\"440\" src=\"https:\/\/martinesentein.com\/wp-content\/uploads\/2023\/05\/martine-sentein-accueil-600x440.jpg\" alt=\"\" class=\"wp-image-26\" srcset=\"https:\/\/martinesentein.com\/wp-content\/uploads\/2023\/05\/martine-sentein-accueil-600x440.jpg 600w, https:\/\/martinesentein.com\/wp-content\/uploads\/2023\/05\/martine-sentein-accueil-768x563.jpg 768w, https:\/\/martinesentein.com\/wp-content\/uploads\/2023\/05\/martine-sentein-accueil.jpg 1200w\" sizes=\"auto, (max-width: 600px) 100vw, 600px\" \/><\/a><\/figure>\n\n\n\n<h2 class=\"wp-block-heading\">\u00c0 PROPOS<\/h2>\n\n\n\n<p>D\u00e9couvrir l\u2019artiste<\/p>\n<\/div>\n<\/div>\n\n\n\n<div style=\"height:100px\" aria-hidden=\"true\" class=\"wp-block-spacer\"><\/div>\n\n\n\n<figure class=\"wp-block-image size-large\"><a href=\"https:\/\/martinesentein.com\/index.php\/category\/blog\/\"><img loading=\"lazy\" decoding=\"async\" width=\"1200\" height=\"694\" src=\"https:\/\/martinesentein.com\/wp-content\/uploads\/2025\/11\/martine-sentein-blog-2025-1200x694.jpg\" alt=\"\" class=\"wp-image-914\" srcset=\"https:\/\/martinesentein.com\/wp-content\/uploads\/2025\/11\/martine-sentein-blog-2025-1200x694.jpg 1200w, https:\/\/martinesentein.com\/wp-content\/uploads\/2025\/11\/martine-sentein-blog-2025-600x347.jpg 600w, https:\/\/martinesentein.com\/wp-content\/uploads\/2025\/11\/martine-sentein-blog-2025-768x444.jpg 768w, https:\/\/martinesentein.com\/wp-content\/uploads\/2025\/11\/martine-sentein-blog-2025.jpg 1500w\" sizes=\"auto, (max-width: 1200px) 100vw, 1200px\" \/><\/a><\/figure>\n\n\n\n<h2 class=\"wp-block-heading\">BLOG<\/h2>\n\n\n\n<p>D\u00e9couvrir plus<\/p>\n","protected":false},"excerpt":{"rendered":"<p>PEINTURES D\u00e9couvrir les collections \u00c0 PROPOS D\u00e9couvrir l\u2019artiste BLOG D\u00e9couvrir plus<\/p>\n","protected":false},"author":1,"featured_media":0,"parent":0,"menu_order":0,"comment_status":"closed","ping_status":"closed","template":"","meta":{"_themeisle_gutenberg_block_has_review":false,"footnotes":""},"class_list":["post-25","page","type-page","status-publish","hentry","entry"],"_links":{"self":[{"href":"https:\/\/martinesentein.com\/index.php\/wp-json\/wp\/v2\/pages\/25","targetHints":{"allow":["GET"]}}],"collection":[{"href":"https:\/\/martinesentein.com\/index.php\/wp-json\/wp\/v2\/pages"}],"about":[{"href":"https:\/\/martinesentein.com\/index.php\/wp-json\/wp\/v2\/types\/page"}],"author":[{"embeddable":true,"href":"https:\/\/martinesentein.com\/index.php\/wp-json\/wp\/v2\/users\/1"}],"replies":[{"embeddable":true,"href":"https:\/\/martinesentein.com\/index.php\/wp-json\/wp\/v2\/comments?post=25"}],"version-history":[{"count":23,"href":"https:\/\/martinesentein.com\/index.php\/wp-json\/wp\/v2\/pages\/25\/revisions"}],"predecessor-version":[{"id":920,"href":"https:\/\/martinesentein.com\/index.php\/wp-json\/wp\/v2\/pages\/25\/revisions\/920"}],"wp:attachment":[{"href":"https:\/\/martinesentein.com\/index.php\/wp-json\/wp\/v2\/media?parent=25"}],"curies":[{"name":"wp","href":"https:\/\/api.w.org\/{rel}","templated":true}]}}