{"id":22,"date":"2023-05-06T14:50:44","date_gmt":"2023-05-06T12:50:44","guid":{"rendered":"https:\/\/martinesentein.com\/?page_id=22"},"modified":"2023-05-06T14:50:44","modified_gmt":"2023-05-06T12:50:44","slug":"mentions-legales-et-politique-de-confidentialite","status":"publish","type":"page","link":"https:\/\/martinesentein.com\/index.php\/mentions-legales-et-politique-de-confidentialite\/","title":{"rendered":"Mentions l\u00e9gales et Politique de confidentialit\u00e9"},"content":{"rendered":"\n<h3 class=\"wp-block-heading\">\u00c9DITEUR<\/h3>\n\n\n\n<p><strong>Martine SENTEIN<\/strong><\/p>\n\n\n\n<p>Nom du site&nbsp;: <strong>www.martinesentein.com<\/strong><\/p>\n\n\n\n<p>Artiste affili\u00e9 \u00e0 la Maison des Artistes<\/p>\n\n\n\n<p>Identifiant SIRET&nbsp;: 414&nbsp;683&nbsp;243 00029<\/p>\n\n\n\n<p>Si\u00e8ge social&nbsp;: 34790 GRABELS, FRANCE<\/p>\n\n\n\n<p>CR\u00c9DITS<\/p>\n\n\n\n<p>Conception et r\u00e9alisation <strong><a href=\"https:\/\/ehoglobal.com\/\" target=\"_blank\" rel=\"noreferrer noopener\">ehoglobal.com<\/a><\/strong><br>Les pages de ce site sont g\u00e9n\u00e9r\u00e9es sur le logiciel <strong>WordPress<\/strong>.<\/p>\n\n\n\n<h3 class=\"wp-block-heading\">H\u00c9BERGEMENT<\/h3>\n\n\n\n<p>L\u2019h\u00e9bergement est assur\u00e9 par la soci\u00e9t\u00e9 <strong>OVH<br><\/strong>2 rue Kellermann<br>59100 Roubaix<br>FRANCE<br>RCS Lille M\u00e9tropole 424 761 419 00045<\/p>\n\n\n\n<h3 class=\"wp-block-heading\">OBJET<\/h3>\n\n\n\n<p>Le site : www.martinesentein.com a pour objet la pr\u00e9sentation et la promotion du travail artistique de Martine SENTEIN<\/p>\n\n\n\n<h3 class=\"wp-block-heading\">GARANTIES ET RESPONSABILIT\u00c9S<\/h3>\n\n\n\n<p>Martine SENTEIN a pris toute pr\u00e9caution d\u2019usage pour assurer tant une fiabilit\u00e9 d\u2019informations qu\u2019un acc\u00e8s s\u00e9curis\u00e9 \u00e0 son site. Toutefois, Martine SENTEIN ne peut, en aucun cas, garantir l\u2019absence totale d\u2019erreur mat\u00e9rielle, de d\u00e9ficience technique ou autre. De m\u00eame, aucune garantie ne peut \u00eatre fournie quant \u00e0 la compatibilit\u00e9 du site \u00e0 vos besoins et usages particuliers. Martine SENTEIN ne saurait \u00eatre tenu responsable d\u2019un dommage quelconque li\u00e9 \u00e0 l\u2019utilisation de son site, et d\u00e9gage toute responsabilit\u00e9 quant aux informations contenues dans des sites qui pourraient \u00eatre li\u00e9s au sien par un lien hypertexte ou autre moyen.<\/p>\n\n\n\n<h3 class=\"wp-block-heading\">PROTECTION DES DONN\u00c9ES PERSONNELLES<\/h3>\n\n\n\n<p>Les donn\u00e9es personnelles recueillies sur le site r\u00e9sultent de la communication volontaire d\u2019une adresse de courrier \u00e9lectronique lors du d\u00e9p\u00f4t d\u2019un message \u00e9lectronique.<br>Les donn\u00e9es ainsi recueillies ne servent qu\u2019\u00e0 transmettre les \u00e9l\u00e9ments d\u2019informations demand\u00e9s et n\u2019ont pour seul destinataire que Martine SENTEIN aupr\u00e8s de laquelle peuvent s\u2019exercer les droits d\u2019acc\u00e8s et de rectification, conform\u00e9ment \u00e0 la loi n\u00b02004-801 du 6 ao\u00fbt 2004 modifiant l\u2019article 27 de la loi N\u00b0 78-17 du 6 janvier 1978 relative \u00e0 l\u2019informatique, aux fichiers et aux libert\u00e9s.<br>Pour l\u2019exercer, adresser votre demande par mail \u00e0 Martine SENTEIN \u00e0 l\u2019adresse&nbsp;: <a href=\"mailto:martine.sentein@neuf.fr\">martine.sentein@neuf.fr<\/a><\/p>\n\n\n\n<p>Les donn\u00e9es recueillies dans ce cadre ne pourront \u00eatre c\u00e9d\u00e9es \u00e0 des tiers ou communiqu\u00e9es \u00e0 des fins non pr\u00e9vues.<\/p>\n\n\n\n<h3 class=\"wp-block-heading\">DROITS DE PROPRI\u00c9T\u00c9 INTELLECTUELLE<\/h3>\n\n\n\n<p>Les textes, logos, images et, plus g\u00e9n\u00e9ralement, tous les signes distinctifs pr\u00e9sents sur le site sont la propri\u00e9t\u00e9 exclusive de Martine SENTEIN. En cons\u00e9quence, Martine SENTEIN est susceptible d\u2019engager des poursuites, \u00e0 l\u2019\u00e9gard de tous ceux qui, directement ou indirectement, porteraient atteinte \u00e0 ses droits.<\/p>\n\n\n\n<p>Martine SENTEIN vous informe \u00e9galement que le site \u201d www. martinesentein.com \u201d est une \u0153uvre prot\u00e9g\u00e9e. Toute utilisation ou reproduction d\u2019un quelconque \u00e9l\u00e9ment du site est strictement interdite sans l\u2019autorisation expresse de son auteur.<\/p>\n\n\n\n<h3 class=\"wp-block-heading\">DROITS D\u2019AUTEUR<\/h3>\n\n\n\n<p>L\u2019ensemble de ce site rel\u00e8ve de la l\u00e9gislation fran\u00e7aise et internationale du droit d\u2019auteur et de la propri\u00e9t\u00e9 intellectuelle fran\u00e7aise, qui mentionne que les cr\u00e9ations graphiques ou sonores, photos, textes, etc\u2026 sont prot\u00e9g\u00e9es du simple fait de leur cr\u00e9ation et de leur originalit\u00e9.<br>Toute utilisation ou extraction d\u2019\u00e9l\u00e9ments du site non autoris\u00e9e est illicite et sanctionn\u00e9e p\u00e9nalement par le d\u00e9lit de contrefa\u00e7on.<\/p>\n\n\n\n<p>Les logos, visuels et marques pr\u00e9sents sur ce site sont la propri\u00e9t\u00e9 de leurs d\u00e9tenteurs respectifs.<\/p>\n\n\n\n<h3 class=\"wp-block-heading\">POLITIQUE DES COOKIES<\/h3>\n\n\n\n<p>Des cookies sont susceptibles d\u2019\u00eatre stock\u00e9s sur le terminal de l\u2019utilisateur exclusivement afin d\u2019\u00e9tablir des statistiques sur la fr\u00e9quentation du site. Ils sont utilis\u00e9s pour identifier les pages consult\u00e9es ainsi que les comportements et parcours de navigation. Ces informations sont utiles pour am\u00e9liorer les contenus qui apparaissent sur le site.<\/p>\n\n\n\n<p>La plupart des navigateurs Internet acceptent automatiquement les cookies.<\/p>\n\n\n\n<p>L\u2019utilisateur peut d\u00e9sactiver les cookies afin de s\u2019opposer \u00e0 leur enregistrement sur son terminal ou les supprimer en utilisant les options de son navigateur.<\/p>\n\n\n\n<p>Pour plus d\u2019informations sur les cookies et les modalit\u00e9s possibles de blocage, vous pouvez vous reporter au site de la CNIL&nbsp;: <a href=\"https:\/\/www.cnil.fr\/fr\/cookies-les-outils-pour-les-maitriser\" target=\"_blank\" rel=\"noreferrer noopener\">https:\/\/www.cnil.fr\/fr\/cookies-les-outils-pour-les-maitriser<\/a><\/p>\n\n\n\n<h3 class=\"wp-block-heading\">GOOGLE ANALYTICS<\/h3>\n\n\n\n<p>Ce site utilise Google Analytics, un service d\u2019analyse de site Internet fourni par Google Inc. &nbsp;<\/p>\n\n\n\n<p>Google Analytics utilise des cookies, qui sont des fichiers texte plac\u00e9s sur votre ordinateur, pour aider le site internet \u00e0 analyser l\u2019utilisation du site par ses utilisateurs. Les donn\u00e9es g\u00e9n\u00e9r\u00e9es par les cookies concernant votre utilisation du site (y compris votre adresse IP tronqu\u00e9e) seront transmises et stock\u00e9es par Google sur des serveurs situ\u00e9s aux \u00c9tats-Unis.<\/p>\n\n\n\n<p>Google utilisera cette information dans le but d\u2019\u00e9valuer votre utilisation du site, de compiler des rapports sur l\u2019activit\u00e9 du site \u00e0 destination de son \u00e9diteur et de fournir d\u2019autres services relatifs \u00e0 l\u2019activit\u00e9 du site et \u00e0 l\u2019utilisation d\u2019Internet. Google est susceptible de communiquer ces donn\u00e9es \u00e0 des tiers en cas d\u2019obligation l\u00e9gale ou lorsque ces tiers traitent ces donn\u00e9es pour le compte de Google, y compris notamment l\u2019\u00e9diteur de ce site. Google ne recoupera pas votre adresse IP avec toute autre donn\u00e9e d\u00e9tenue par Google.<\/p>\n\n\n\n<p>Vous pouvez d\u00e9sactiver l\u2019utilisation de cookies en s\u00e9lectionnant les param\u00e8tres appropri\u00e9s de votre navigateur. Cependant, une telle d\u00e9sactivation pourrait emp\u00eacher l\u2019utilisation de certaines fonctionnalit\u00e9s de ce site.<\/p>\n\n\n\n<p>Plus d\u2019informations \u00e0 propos du traitement et l\u2019utilisation des donn\u00e9es par Google, les param\u00e9trages et les possibilit\u00e9s de d\u00e9sactivation peuvent \u00eatre trouv\u00e9es dans la politique de confidentialit\u00e9 de Google: ainsi que dans les param\u00e8tres de Google ads. Plus d\u2019informations \u00e0 propos du traitement et l\u2019utilisation des donn\u00e9es par Google, les param\u00e9trages et les possibilit\u00e9s de d\u00e9sactivation peuvent \u00eatre trouv\u00e9es dans&nbsp;<a href=\"https:\/\/policies.google.com\/privacy\" target=\"_blank\" rel=\"noreferrer noopener\">la politique de confidentialit\u00e9 de Google<\/a>: ainsi que dans&nbsp;<a href=\"https:\/\/adssettings.google.com\/authenticated\" target=\"_blank\" rel=\"noreferrer noopener\">les param\u00e8tres de Google ads<\/a>.<\/p>\n\n\n\n<p>En utilisant ce site Internet, vous consentez express\u00e9ment au traitement de vos donn\u00e9es nominatives par Google dans les conditions et pour les finalit\u00e9s d\u00e9crites ci-dessus.<\/p>\n","protected":false},"excerpt":{"rendered":"<p>\u00c9DITEUR Martine SENTEIN Nom du site&nbsp;: www.martinesentein.com Artiste affili\u00e9 \u00e0 la Maison des Artistes Identifiant SIRET&nbsp;: 414&nbsp;683&nbsp;243 00029 Si\u00e8ge social&nbsp;: 34790 GRABELS, FRANCE CR\u00c9DITS Conception et r\u00e9alisation ehoglobal.comLes pages de ce site sont g\u00e9n\u00e9r\u00e9es sur le logiciel WordPress. H\u00c9BERGEMENT L\u2019h\u00e9bergement est assur\u00e9 par la soci\u00e9t\u00e9 OVH2 rue Kellermann59100 RoubaixFRANCERCS Lille M\u00e9tropole 424 761 419 00045&hellip; <a class=\"more-link\" href=\"https:\/\/martinesentein.com\/index.php\/mentions-legales-et-politique-de-confidentialite\/\">Poursuivre la lecture <span class=\"screen-reader-text\">Mentions l\u00e9gales et Politique de confidentialit\u00e9<\/span><\/a><\/p>\n","protected":false},"author":1,"featured_media":0,"parent":0,"menu_order":0,"comment_status":"closed","ping_status":"closed","template":"","meta":{"_themeisle_gutenberg_block_has_review":false,"footnotes":""},"class_list":["post-22","page","type-page","status-publish","hentry","entry"],"_links":{"self":[{"href":"https:\/\/martinesentein.com\/index.php\/wp-json\/wp\/v2\/pages\/22","targetHints":{"allow":["GET"]}}],"collection":[{"href":"https:\/\/martinesentein.com\/index.php\/wp-json\/wp\/v2\/pages"}],"about":[{"href":"https:\/\/martinesentein.com\/index.php\/wp-json\/wp\/v2\/types\/page"}],"author":[{"embeddable":true,"href":"https:\/\/martinesentein.com\/index.php\/wp-json\/wp\/v2\/users\/1"}],"replies":[{"embeddable":true,"href":"https:\/\/martinesentein.com\/index.php\/wp-json\/wp\/v2\/comments?post=22"}],"version-history":[{"count":1,"href":"https:\/\/martinesentein.com\/index.php\/wp-json\/wp\/v2\/pages\/22\/revisions"}],"predecessor-version":[{"id":324,"href":"https:\/\/martinesentein.com\/index.php\/wp-json\/wp\/v2\/pages\/22\/revisions\/324"}],"wp:attachment":[{"href":"https:\/\/martinesentein.com\/index.php\/wp-json\/wp\/v2\/media?parent=22"}],"curies":[{"name":"wp","href":"https:\/\/api.w.org\/{rel}","templated":true}]}}