{"id":190,"date":"2023-05-05T14:42:16","date_gmt":"2023-05-05T12:42:16","guid":{"rendered":"https:\/\/martinesentein.com\/?page_id=190"},"modified":"2025-01-27T12:19:46","modified_gmt":"2025-01-27T11:19:46","slug":"boutique","status":"publish","type":"page","link":"https:\/\/martinesentein.com\/index.php\/boutique\/","title":{"rendered":"Boutique"},"content":{"rendered":"\n<div class=\"wp-block-columns are-vertically-aligned-center is-layout-flex wp-container-core-columns-is-layout-9d6595d7 wp-block-columns-is-layout-flex\">\n<div class=\"wp-block-column is-vertically-aligned-center is-layout-flow wp-block-column-is-layout-flow\">\n<figure class=\"wp-block-image size-medium\"><img loading=\"lazy\" decoding=\"async\" width=\"481\" height=\"600\" src=\"https:\/\/martinesentein.com\/wp-content\/uploads\/2023\/05\/paysages_reflets-sur-la-riviere-acrylique-sur-toile-100x81-cm-481x600.jpg\" alt=\"\" class=\"wp-image-382\" srcset=\"https:\/\/martinesentein.com\/wp-content\/uploads\/2023\/05\/paysages_reflets-sur-la-riviere-acrylique-sur-toile-100x81-cm-481x600.jpg 481w, https:\/\/martinesentein.com\/wp-content\/uploads\/2023\/05\/paysages_reflets-sur-la-riviere-acrylique-sur-toile-100x81-cm-962x1200.jpg 962w, https:\/\/martinesentein.com\/wp-content\/uploads\/2023\/05\/paysages_reflets-sur-la-riviere-acrylique-sur-toile-100x81-cm-768x959.jpg 768w, https:\/\/martinesentein.com\/wp-content\/uploads\/2023\/05\/paysages_reflets-sur-la-riviere-acrylique-sur-toile-100x81-cm-1231x1536.jpg 1231w, https:\/\/martinesentein.com\/wp-content\/uploads\/2023\/05\/paysages_reflets-sur-la-riviere-acrylique-sur-toile-100x81-cm.jpg 1282w\" sizes=\"auto, (max-width: 481px) 100vw, 481px\" \/><\/figure>\n<\/div>\n\n\n\n<div class=\"wp-block-column is-vertically-aligned-center is-layout-flow wp-block-column-is-layout-flow\">\n<h2 class=\"wp-block-heading\">Vous souhaitez acheter<br>une \u0153uvre&nbsp;?<\/h2>\n\n\n\n<p>Les peintures disponibles sont en vente<br>sur les <strong>Galeries en ligne ci-dessous<\/strong>&nbsp;:<\/p>\n<\/div>\n<\/div>\n\n\n\n<div style=\"height:100px\" aria-hidden=\"true\" class=\"wp-block-spacer\"><\/div>\n\n\n\n<div class=\"wp-block-columns is-layout-flex wp-container-core-columns-is-layout-9d6595d7 wp-block-columns-is-layout-flex\">\n<div class=\"wp-block-column is-layout-flow wp-block-column-is-layout-flow\">\n<figure class=\"wp-block-image size-full is-resized\"><img loading=\"lazy\" decoding=\"async\" width=\"580\" height=\"87\" src=\"https:\/\/martinesentein.com\/wp-content\/uploads\/2023\/05\/logo-saatchi-art.png\" alt=\"\" class=\"wp-image-199\" style=\"width:290px;height:44px\"\/><\/figure>\n\n\n\n<p class=\"has-text-align-center\">Galerie d\u2019art internationale bas\u00e9e \u00e0 LOS ANGELES \u2013 US<\/p>\n\n\n\n<div style=\"height:50px\" aria-hidden=\"true\" class=\"wp-block-spacer\"><\/div>\n\n\n\n<div class=\"wp-block-buttons is-content-justification-center is-layout-flex wp-container-core-buttons-is-layout-16018d1d wp-block-buttons-is-layout-flex\">\n<div class=\"wp-block-button\"><a class=\"wp-block-button__link wp-element-button\" href=\"https:\/\/www.saatchiart.com\/martinesentein\" target=\"_blank\" rel=\"noreferrer noopener\">saatchiart.com<\/a><\/div>\n<\/div>\n<\/div>\n\n\n\n<div class=\"wp-block-column is-layout-flow wp-block-column-is-layout-flow\">\n<figure class=\"wp-block-image size-full is-resized\"><img loading=\"lazy\" decoding=\"async\" width=\"453\" height=\"111\" src=\"https:\/\/martinesentein.com\/wp-content\/uploads\/2023\/05\/logo-art-majeur.png\" alt=\"\" class=\"wp-image-201\" style=\"width:227px;height:56px\"\/><\/figure>\n\n\n\n<p class=\"has-text-align-center\">Galerie d\u2019art internationale bas\u00e9e en FRANCE<\/p>\n\n\n\n<div style=\"height:50px\" aria-hidden=\"true\" class=\"wp-block-spacer\"><\/div>\n\n\n\n<div class=\"wp-block-buttons is-content-justification-center is-layout-flex wp-container-core-buttons-is-layout-16018d1d wp-block-buttons-is-layout-flex\">\n<div class=\"wp-block-button\"><a class=\"wp-block-button__link wp-element-button\" href=\"https:\/\/www.artmajeur.com\/martine-sentein\" target=\"_blank\" rel=\"noreferrer noopener\">artmajeur.com<\/a><\/div>\n<\/div>\n<\/div>\n<\/div>\n\n\n\n<div style=\"height:100px\" aria-hidden=\"true\" class=\"wp-block-spacer\"><\/div>\n\n\n\n<p>Pour toutes les peintures sur toile&nbsp;: les bords sont peints permettant un accrochage imm\u00e9diat.<br>La finition est un vernis d\u2019art qui donne de l\u2019intensit\u00e9 aux couleurs et qui prot\u00e8ge l\u2019\u0153uvre des UV et de la poussi\u00e8re.<br>Les peintures sur papier sont peintes sur un papier d\u2019art \u00e9pais de qualit\u00e9.<br>Les peintures sont photographi\u00e9es chez moi, sign\u00e9es, dat\u00e9es, soigneusement emball\u00e9es et accompagn\u00e9es d\u2019un certificat d\u2019authenticit\u00e9.<\/p>\n\n\n\n<p>Information fiscale pour les entreprises fran\u00e7aises&nbsp;:<\/p>\n\n\n\n<p>Article 238 bis AB du Code G\u00e9n\u00e9ral des Imp\u00f4ts: Les entreprises qui ach\u00e8tent, des \u0153uvres originales d&rsquo;artistes vivants peuvent d\u00e9duire du r\u00e9sultat de l&rsquo;exercice d&rsquo;acquisition et des quatre ann\u00e9es suivantes, par fractions \u00e9gales, une somme \u00e9gale au prix d&rsquo;acquisition, dans la limite de 3,25 pour 1000 de leur chiffre d&rsquo;affaires.<\/p>\n\n\n\n<div style=\"height:100px\" aria-hidden=\"true\" class=\"wp-block-spacer\"><\/div>\n\n\n\n<hr class=\"wp-block-separator has-alpha-channel-opacity\"\/>\n\n\n\n<div style=\"height:100px\" aria-hidden=\"true\" class=\"wp-block-spacer\"><\/div>\n\n\n\n<h2 class=\"wp-block-heading has-text-align-center\">Demande particuli\u00e8re<\/h2>\n\n\n\n<div class=\"wp-block-buttons is-content-justification-center is-layout-flex wp-container-core-buttons-is-layout-16018d1d wp-block-buttons-is-layout-flex\">\n<div class=\"wp-block-button\"><a class=\"wp-block-button__link wp-element-button\" href=\"https:\/\/martinesentein.com\/index.php\/contact\/\">CONTACTEZ-MOI<\/a><\/div>\n<\/div>\n","protected":false},"excerpt":{"rendered":"<p>Vous souhaitez acheterune \u0153uvre&nbsp;? Les peintures disponibles sont en ventesur les Galeries en ligne ci-dessous&nbsp;: Galerie d\u2019art internationale bas\u00e9e \u00e0 LOS ANGELES \u2013 US Galerie d\u2019art internationale bas\u00e9e en FRANCE Pour toutes les peintures sur toile&nbsp;: les bords sont peints permettant un accrochage imm\u00e9diat.La finition est un vernis d\u2019art qui donne de l\u2019intensit\u00e9 aux couleurs&hellip; <a class=\"more-link\" href=\"https:\/\/martinesentein.com\/index.php\/boutique\/\">Poursuivre la lecture <span class=\"screen-reader-text\">Boutique<\/span><\/a><\/p>\n","protected":false},"author":1,"featured_media":0,"parent":0,"menu_order":0,"comment_status":"closed","ping_status":"closed","template":"","meta":{"_themeisle_gutenberg_block_has_review":false,"footnotes":""},"class_list":["post-190","page","type-page","status-publish","hentry","entry"],"_links":{"self":[{"href":"https:\/\/martinesentein.com\/index.php\/wp-json\/wp\/v2\/pages\/190","targetHints":{"allow":["GET"]}}],"collection":[{"href":"https:\/\/martinesentein.com\/index.php\/wp-json\/wp\/v2\/pages"}],"about":[{"href":"https:\/\/martinesentein.com\/index.php\/wp-json\/wp\/v2\/types\/page"}],"author":[{"embeddable":true,"href":"https:\/\/martinesentein.com\/index.php\/wp-json\/wp\/v2\/users\/1"}],"replies":[{"embeddable":true,"href":"https:\/\/martinesentein.com\/index.php\/wp-json\/wp\/v2\/comments?post=190"}],"version-history":[{"count":26,"href":"https:\/\/martinesentein.com\/index.php\/wp-json\/wp\/v2\/pages\/190\/revisions"}],"predecessor-version":[{"id":802,"href":"https:\/\/martinesentein.com\/index.php\/wp-json\/wp\/v2\/pages\/190\/revisions\/802"}],"wp:attachment":[{"href":"https:\/\/martinesentein.com\/index.php\/wp-json\/wp\/v2\/media?parent=190"}],"curies":[{"name":"wp","href":"https:\/\/api.w.org\/{rel}","templated":true}]}}